{"id":72,"date":"2023-05-04T18:14:54","date_gmt":"2023-05-04T16:14:54","guid":{"rendered":"https:\/\/2022.agfa-sportverein.de\/?page_id=72"},"modified":"2023-12-19T10:25:02","modified_gmt":"2023-12-19T09:25:02","slug":"impressum","status":"publish","type":"page","link":"https:\/\/agfa-sportverein.de\/index.php\/impressum\/","title":{"rendered":"Impressum"},"content":{"rendered":"\n<figure class=\"wp-block-table\"><table><tbody><tr><td>Verantwortlich f\u00fcr den Inhalt:<\/td><td>Agfa-Sportverein e.V.<br>Agilolfingerstr. 6<br>D-81543 M\u00fcnchen<br><a href=\"mailto:agfa-sportverein@t-online.de\">office@agfa-sportverein.de<\/a><br>&nbsp;<br>Vereinsregister: Amtsgericht M\u00fcnchen VR 4911<br>&nbsp;<br>Ansprechpartner: Sabine Walzer, Armando De Felice<\/td><\/tr><tr><td>Verantwortlich f\u00fcr Design und Programmierung:<\/td><td>Sabine Walzer<br>Armando De Felice<\/td><\/tr><tr><td>Hosting:<\/td><td><a href=\"http:\/\/www.rw2.de\">rw2 Robert &amp; Willi Schneider GbR<\/a><br>Schlierseestr. 81<br>&nbsp;<br>81539 M\u00fcnchen<\/td><\/tr><tr><td>&nbsp;<\/td><td>Alle Beitr\u00e4ge sind urheberrechtlich gesch\u00fctzt. Nachdruck &#8211; auch auszugsweise &#8211; nur nach R\u00fccksprache mit der Redaktion.<\/td><\/tr><tr><td>&nbsp;<\/td><td>Der Agfa-Sportverein e.V. hat auf seinen Internetseiten Links (Querverweise) zu anderen Seiten im Internet geschaltet. Der Agfa-Sportverein e.V. erkl\u00e4rt ausdr\u00fccklich, dass er keinerlei Einfluss auf die Gestaltung und die Inhalte der gelinkten Seiten hat. Deshalb distanziert sich der Agfa-Sportverein e.V. ausdr\u00fccklich von s\u00e4mtlichen Inhalten aller verkn\u00fcpften Internetseiten, die nicht auf dem Server des Agfa-Sportverein e.V. abgelegt sind. Diese Erkl\u00e4rung gilt f\u00fcr alle angezeigten Links und f\u00fcr alle Inhalte der Seiten, zu denen die beim Agfa-Sportverein e.V. installierten Banner und Links f\u00fchren.<\/td><\/tr><tr><td>&nbsp; Bildnachweise:<\/td><td>Hintergrundbilder aus https:\/\/de.wikipedia.org<br><a href=\"https:\/\/de.wikipedia.org\/wiki\/Datei:M%C3%BCnchener_Olympiastadion.jpg\" target=\"_blank\" rel=\"noreferrer noopener\">Tobi 87: Olympiastadion von M\u00fcnchen (1972) w\u00e4hrend des Europacups 2007<\/a><br><a href=\"https:\/\/de.wikipedia.org\/wiki\/Olympiapark_(M%C3%BCnchen)#\/media\/File:2006_Olympiaberg_in_Muenchen.JPG\" target=\"_blank\" rel=\"noreferrer noopener\">Sweet Chily: Olympiapark und Olympiasee in M\u00fcnchen<\/a> <a href=\"https:\/\/commons.wikimedia.org\/wiki\/User:Lhr\" target=\"_blank\" rel=\"noreferrer noopener\">Luk\u00e1\u0161 Hron<\/a> &#8211; Eigenes Werk (own photo)<strong><a href=\"https:\/\/de.wikipedia.org\/wiki\/Olympiapark_(M%C3%BCnchen)#\/media\/File:Munich_Olympiapark.jpg\" target=\"_blank\" rel=\"noreferrer noopener\"> Olympiapark<\/a><\/strong> in M\u00fcnchen<\/td><\/tr><tr><td><br>Datenschutzerkl\u00e4rung:<\/td><td>Diese Website wird vom Agfa-Sportverein e.V. M\u00fcnchen (kurz ASV) betrieben. Der Schutz Ihrer personenbezogenen Daten ist uns sehr wichtig. In dieser Erkl\u00e4rung finden Sie Informationen \u00fcber den Umgang mit Ihren personenbezogenen Daten beim Besuch der ASV Website.<br>Verantwortlich f\u00fcr die Verarbeitung von personenbezogenen Daten auf dieser Website ist der:<br>Agfa-Sportverein e.V.<br>Agilolfingerstr. 6<br>D-81543 M\u00fcnchen<br>Tel.: <br>eMail: office@agfa-sportverein.de<br><br><strong>Erheben und verwenden nicht personenbezogener Daten<\/strong><br>Wenn Sie diese Website nutzen, erheben wir nur technisch notwendige Daten, die automatisch durch Ihren Browser an unseren Server \u00fcbermittelt werden (z.B. Browsertyp\/Browserversion, verwendetes Betriebssystem, Referrer URL, aufgerufene Seiten, Verweildauer, IP-Adresse, Datum und Uhrzeit der Anfrage). Dies ist technisch erforderlich, um Ihnen unsere Website anzeigen zu k\u00f6nnen. Soweit davon personenbezogene Daten betroffen sind, ist Art. 6 Abs. 1 lit. f DSGVO Rechtsgrundlage f\u00fcr die Erhebung. Eine Zusammenf\u00fchrung dieser Daten mit anderen Datenquellen wird nicht vorgenommen. Wir behalten uns vor, diese Daten nachtr\u00e4glich zu pr\u00fcfen, wenn uns konkrete Anhaltspunkte f\u00fcr eine rechtswidrige Nutzung bekannt werden.<br>Wir setzen teilweise sogenannte Cookies ein. Cookies sind kleine Datenmengen, die Ihr Internetbrowser auf Ihrem Rechner speichert. In Cookies k\u00f6nnen Informationen \u00fcber Ihren Besuch auf unserer Website gespeichert werden.<br>Wenn Sie Cookies ablehnen, kann dies allerdings zur Folge haben, dass ein Teil unserer Dienste nicht verf\u00fcgbar ist und somit einige Funktionen nicht genutzt werden k\u00f6nnen.<br><br><strong>Erheben personenbezogener Daten; Speicherdauer<\/strong><br>Personenbezogene Daten (z. B. Name, Adresse, E-Mail) erheben und verarbeiten wir nur, wenn sie uns diese im Rahmen eines Aufnahmeantrags zur Verf\u00fcgung gestellt haben. Diese werden dauerhaft in unserer Datenbank gespeichert. Mails, die sie an uns schicken, werden von uns nicht dauerhaft gespeichert, weder der Inhalt noch die Mailadresse.<br>Nach erfolgter K\u00fcndigung der Mitgliedschaft bleiben ihre Daten, mit dem Datum und dem Grund der K\u00fcndigung, erhalten. Sie k\u00f6nnen dann verlangen, dass die Daten, unter Ber\u00fccksichtigung der gesetzlichen Aufbewahrungspflichten, vollst\u00e4ndig gel\u00f6scht werden.<br><br><strong>Verwenden personenbezogener Daten<\/strong><br>Die in der Beitrittserkl\u00e4rung erhobenen personenbezogenen Daten, wie Name, Vorname,<br>Geburtsdatum, Adresse, E-Mail-Adresse, Telefonnummer und Bankverbindung werden ausschlie\u00dflich zum Zwecke der Mitgliederverwaltung, des Beitrags- einzuges und der \u00dcbermittlung von Vereinsinformationen durch den Verein verarbeitet und genutzt.<br><br>Eine \u00dcbermittlung von Teilen dieser Daten an die jeweiligen Sportfachverb\u00e4nde, den Bayerischen Landes-Sportverband e.V. (BLSV) und der Stadt M\u00fcnchen findet nur im Rahmen der in den Satzungen der Fachverb\u00e4nde, bzw. des BLSV, festgelegten Zwecke statt.<br>Diese Daten\u00fcbermittlungen sind notwendig zum Zweck der Mitgliederverwaltung, zum Zwecke der Organisation eines Spiel- bzw. Wettkampfbetriebes und zum Zwecke der Einwerbung von \u00f6ffentlichen F\u00f6rdermitteln. Eine Daten\u00fcbermittlung an Dritte, au\u00dferhalb der Fachverb\u00e4nde und des BLSV, findet nicht statt. Eine Datennutzung f\u00fcr Werbezwecke findet ebenfalls nicht statt.<br>\u00a0<br>Jedes Mitglied hat im Rahmen der Vorgaben des Bundesdatenschutzgesetzes das Recht auf Auskunft \u00fcber die personenbezogenen Daten, die zu seiner Person bei der verantwortlichen Stelle gespeichert sind. Au\u00dferdem hat das Mitglied, im Falle von fehlerhaften Daten, ein Korrekturrecht.<br>\u00a0<br>Jedes Mitglied hat eingewilligt, dass der ASV Bilder von sportbezogenen oder gesellschaftlichen Veranstaltungen auf der Website des Vereins oder sonstigen Vereinspublikationen ver\u00f6ffentlicht und an die Presse zum Zwecke der Ver\u00f6ffentlichung ohne spezielle Einwilligung weitergibt. Abbildungen von genannten Einzelpersonen oder Klein-Gruppen hingegen bed\u00fcrfen einer Einwilligung der abgebildeten Personen.<\/td><\/tr><\/tbody><\/table><\/figure>\n","protected":false},"excerpt":{"rendered":"<p>Verantwortlich f\u00fcr den Inhalt: Agfa-Sportverein e.V.Agilolfingerstr. 6D-81543 M\u00fcnchenoffice@agfa-sportverein.de&nbsp;Vereinsregister: Amtsgericht M\u00fcnchen VR 4911&nbsp;Ansprechpartner: Sabine Walzer, Armando De Felice Verantwortlich f\u00fcr Design und Programmierung: Sabine WalzerArmando De Felice Hosting: rw2 Robert &amp; Willi Schneider GbRSchlierseestr. 81&nbsp;81539 M\u00fcnchen &nbsp; Alle Beitr\u00e4ge sind urheberrechtlich gesch\u00fctzt. Nachdruck &#8211; auch auszugsweise &#8211; nur nach R\u00fccksprache mit der Redaktion. &nbsp; Der Agfa-Sportverein [&hellip;]<\/p>\n","protected":false},"author":2,"featured_media":0,"parent":0,"menu_order":0,"comment_status":"closed","ping_status":"closed","template":"","meta":{"_angie_page":false,"site-sidebar-layout":"default","site-content-layout":"","ast-site-content-layout":"default","site-content-style":"default","site-sidebar-style":"default","ast-global-header-display":"","ast-banner-title-visibility":"","ast-main-header-display":"","ast-hfb-above-header-display":"","ast-hfb-below-header-display":"","ast-hfb-mobile-header-display":"","site-post-title":"","ast-breadcrumbs-content":"","ast-featured-img":"","footer-sml-layout":"","ast-disable-related-posts":"","theme-transparent-header-meta":"","adv-header-id-meta":"","stick-header-meta":"","header-above-stick-meta":"","header-main-stick-meta":"","header-below-stick-meta":"","astra-migrate-meta-layouts":"set","ast-page-background-enabled":"default","ast-page-background-meta":{"desktop":{"background-color":"var(--ast-global-color-4)","background-image":"","background-repeat":"repeat","background-position":"center center","background-size":"auto","background-attachment":"scroll","background-type":"","background-media":"","overlay-type":"","overlay-color":"","overlay-opacity":"","overlay-gradient":""},"tablet":{"background-color":"","background-image":"","background-repeat":"repeat","background-position":"center center","background-size":"auto","background-attachment":"scroll","background-type":"","background-media":"","overlay-type":"","overlay-color":"","overlay-opacity":"","overlay-gradient":""},"mobile":{"background-color":"","background-image":"","background-repeat":"repeat","background-position":"center center","background-size":"auto","background-attachment":"scroll","background-type":"","background-media":"","overlay-type":"","overlay-color":"","overlay-opacity":"","overlay-gradient":""}},"ast-content-background-meta":{"desktop":{"background-color":"var(--ast-global-color-5)","background-image":"","background-repeat":"repeat","background-position":"center center","background-size":"auto","background-attachment":"scroll","background-type":"","background-media":"","overlay-type":"","overlay-color":"","overlay-opacity":"","overlay-gradient":""},"tablet":{"background-color":"var(--ast-global-color-5)","background-image":"","background-repeat":"repeat","background-position":"center center","background-size":"auto","background-attachment":"scroll","background-type":"","background-media":"","overlay-type":"","overlay-color":"","overlay-opacity":"","overlay-gradient":""},"mobile":{"background-color":"var(--ast-global-color-5)","background-image":"","background-repeat":"repeat","background-position":"center center","background-size":"auto","background-attachment":"scroll","background-type":"","background-media":"","overlay-type":"","overlay-color":"","overlay-opacity":"","overlay-gradient":""}},"footnotes":""},"class_list":["post-72","page","type-page","status-publish","hentry"],"_links":{"self":[{"href":"https:\/\/agfa-sportverein.de\/index.php\/wp-json\/wp\/v2\/pages\/72","targetHints":{"allow":["GET"]}}],"collection":[{"href":"https:\/\/agfa-sportverein.de\/index.php\/wp-json\/wp\/v2\/pages"}],"about":[{"href":"https:\/\/agfa-sportverein.de\/index.php\/wp-json\/wp\/v2\/types\/page"}],"author":[{"embeddable":true,"href":"https:\/\/agfa-sportverein.de\/index.php\/wp-json\/wp\/v2\/users\/2"}],"replies":[{"embeddable":true,"href":"https:\/\/agfa-sportverein.de\/index.php\/wp-json\/wp\/v2\/comments?post=72"}],"version-history":[{"count":5,"href":"https:\/\/agfa-sportverein.de\/index.php\/wp-json\/wp\/v2\/pages\/72\/revisions"}],"predecessor-version":[{"id":588,"href":"https:\/\/agfa-sportverein.de\/index.php\/wp-json\/wp\/v2\/pages\/72\/revisions\/588"}],"wp:attachment":[{"href":"https:\/\/agfa-sportverein.de\/index.php\/wp-json\/wp\/v2\/media?parent=72"}],"curies":[{"name":"wp","href":"https:\/\/api.w.org\/{rel}","templated":true}]}}